{"id":55,"date":"2024-12-17T18:06:56","date_gmt":"2024-12-17T18:06:56","guid":{"rendered":"https:\/\/sivasbdb.com.mx\/?page_id=55"},"modified":"2024-12-23T16:52:59","modified_gmt":"2024-12-23T16:52:59","slug":"nosotros","status":"publish","type":"page","link":"https:\/\/sivasbdb.com.mx\/?page_id=55","title":{"rendered":"Nosotros"},"content":{"rendered":"\t\t<div data-elementor-type=\"wp-page\" data-elementor-id=\"55\" class=\"elementor elementor-55\">\n\t\t\t\t<div class=\"elementor-element elementor-element-7a53de1 e-flex e-con-boxed e-con e-parent\" data-id=\"7a53de1\" data-element_type=\"container\">\n\t\t\t\t\t<div class=\"e-con-inner\">\n\t\t\t\t<div class=\"elementor-element elementor-element-9a1d6fc elementor-widget elementor-widget-text-editor\" data-id=\"9a1d6fc\" data-element_type=\"widget\" data-widget_type=\"text-editor.default\">\n\t\t\t\t<div class=\"elementor-widget-container\">\n\t\t\t\t\t\t\t\t\t<div class=\"post_column col-lg-6 col-md-6 col-sm-6 col-xs-12\">\n<div class=\"ttr_Nosotros_html_column00\">\n<div class=\"html_content\">\n<h1 style=\"text-align: center;\">Nosotros<\/h1>\n<p>Somos un grupo de profesionales inmobiliarios que conocemos la gran gama del mercado en los distintos destinos tur\u00edsticos en M\u00e9xico, as\u00ed como en otras ciudades del pa\u00eds. Contamos con una gran variedad de alianzas con empresas y otros organismos no gubernamentales a nivel mundial para proveer de un servicio de excelencia a nuestros clientes.<\/p>\n<\/div>\n<div>\u00a0<\/div>\n<div>\u00a0<\/div>\n<\/div>\n<\/div>\n<div class=\"post_column col-lg-6 col-md-6 col-sm-6 col-xs-12\">\n<div class=\"ttr_Nosotros_html_column01\">\n<div class=\"html_content\">\n<h1 style=\"text-align: center;\">About Us<\/h1>\n<p>We are a group of Real Estate professionals aware of the wide variety in the market of the multiple touristic destinations in Mexico and other cities in the Country. We have a great variety of alliances with Companies and other Non-Government Organizations world wide in order to provide the highest quality services for our clients.<\/p>\n<\/div>\n<\/div>\n<\/div>\t\t\t\t\t\t\t\t<\/div>\n\t\t\t\t<\/div>\n\t\t\t\t\t<\/div>\n\t\t\t\t<\/div>\n\t\t\t\t<\/div>\n\t\t","protected":false},"excerpt":{"rendered":"<p>Nosotros Somos un grupo de profesionales inmobiliarios que conocemos la gran gama del mercado en los distintos destinos tur\u00edsticos en M\u00e9xico, as\u00ed como en otras ciudades del pa\u00eds. Contamos con una gran variedad de alianzas con empresas y otros organismos no gubernamentales a nivel mundial para proveer de un servicio de excelencia a nuestros clientes. [&hellip;]<\/p>\n","protected":false},"author":1,"featured_media":0,"parent":0,"menu_order":0,"comment_status":"closed","ping_status":"closed","template":"","meta":{"footnotes":""},"class_list":["post-55","page","type-page","status-publish","hentry"],"_links":{"self":[{"href":"https:\/\/sivasbdb.com.mx\/index.php?rest_route=\/wp\/v2\/pages\/55","targetHints":{"allow":["GET"]}}],"collection":[{"href":"https:\/\/sivasbdb.com.mx\/index.php?rest_route=\/wp\/v2\/pages"}],"about":[{"href":"https:\/\/sivasbdb.com.mx\/index.php?rest_route=\/wp\/v2\/types\/page"}],"author":[{"embeddable":true,"href":"https:\/\/sivasbdb.com.mx\/index.php?rest_route=\/wp\/v2\/users\/1"}],"replies":[{"embeddable":true,"href":"https:\/\/sivasbdb.com.mx\/index.php?rest_route=%2Fwp%2Fv2%2Fcomments&post=55"}],"version-history":[{"count":4,"href":"https:\/\/sivasbdb.com.mx\/index.php?rest_route=\/wp\/v2\/pages\/55\/revisions"}],"predecessor-version":[{"id":63,"href":"https:\/\/sivasbdb.com.mx\/index.php?rest_route=\/wp\/v2\/pages\/55\/revisions\/63"}],"wp:attachment":[{"href":"https:\/\/sivasbdb.com.mx\/index.php?rest_route=%2Fwp%2Fv2%2Fmedia&parent=55"}],"curies":[{"name":"wp","href":"https:\/\/api.w.org\/{rel}","templated":true}]}}